{"id":629,"date":"2012-09-13T22:16:13","date_gmt":"2012-09-13T22:16:13","guid":{"rendered":"http:\/\/lxmontagem.com.br\/?page_id=629"},"modified":"2012-09-13T22:16:13","modified_gmt":"2012-09-13T22:16:13","slug":"maquinas-de-producao","status":"publish","type":"page","link":"https:\/\/lxmontagem.com.br\/?page_id=629","title":{"rendered":"M\u00e1quinas de Produ\u00e7\u00e3o"},"content":{"rendered":"\n<div class=\"ngg-galleryoverview\" id=\"ngg-gallery-5-629\">\n\n\n\t\n\t<!-- Thumbnails -->\n\t\t\n\t<div id=\"ngg-image-33\" class=\"ngg-gallery-thumbnail-box\"  >\n\t\t<div class=\"ngg-gallery-thumbnail\" >\n\t\t\t<a href=\"https:\/\/lxmontagem.com.br\/wp-content\/gallery\/maquinas-de-producao\/automacao-industrial-joinville.jpg\" title=\" \" class=\"thickbox\" rel=\"set_5\" >\n\t\t\t\t\t\t\t\t<img loading=\"lazy\" decoding=\"async\" title=\"1\" alt=\"1\" src=\"https:\/\/lxmontagem.com.br\/wp-content\/gallery\/maquinas-de-producao\/thumbs\/thumbs_automacao-industrial-joinville.jpg\" width=\"100\" height=\"75\" \/>\n\t\t\t\t\t\t\t<\/a>\n\t\t<\/div>\n\t<\/div>\n\t\n\t\t\n \t\t\n\t<div id=\"ngg-image-34\" class=\"ngg-gallery-thumbnail-box\"  >\n\t\t<div class=\"ngg-gallery-thumbnail\" >\n\t\t\t<a href=\"https:\/\/lxmontagem.com.br\/wp-content\/gallery\/maquinas-de-producao\/automacao-industrial-outros-servicos.jpg\" title=\" \" class=\"thickbox\" rel=\"set_5\" >\n\t\t\t\t\t\t\t\t<img loading=\"lazy\" decoding=\"async\" title=\"2\" alt=\"2\" src=\"https:\/\/lxmontagem.com.br\/wp-content\/gallery\/maquinas-de-producao\/thumbs\/thumbs_automacao-industrial-outros-servicos.jpg\" width=\"100\" height=\"75\" \/>\n\t\t\t\t\t\t\t<\/a>\n\t\t<\/div>\n\t<\/div>\n\t\n\t\t\n \t\t\n\t<div id=\"ngg-image-35\" class=\"ngg-gallery-thumbnail-box\"  >\n\t\t<div class=\"ngg-gallery-thumbnail\" >\n\t\t\t<a href=\"https:\/\/lxmontagem.com.br\/wp-content\/gallery\/maquinas-de-producao\/automacao-na-manufatura-397x300.jpg\" title=\" \" class=\"thickbox\" rel=\"set_5\" >\n\t\t\t\t\t\t\t\t<img loading=\"lazy\" decoding=\"async\" title=\"3\" alt=\"3\" src=\"https:\/\/lxmontagem.com.br\/wp-content\/gallery\/maquinas-de-producao\/thumbs\/thumbs_automacao-na-manufatura-397x300.jpg\" width=\"100\" height=\"75\" \/>\n\t\t\t\t\t\t\t<\/a>\n\t\t<\/div>\n\t<\/div>\n\t\n\t\t\n \t\t\n\t<div id=\"ngg-image-36\" class=\"ngg-gallery-thumbnail-box\"  >\n\t\t<div class=\"ngg-gallery-thumbnail\" >\n\t\t\t<a href=\"https:\/\/lxmontagem.com.br\/wp-content\/gallery\/maquinas-de-producao\/automacao_industrial10.jpg\" title=\" \" class=\"thickbox\" rel=\"set_5\" >\n\t\t\t\t\t\t\t\t<img loading=\"lazy\" decoding=\"async\" title=\"4\" alt=\"4\" src=\"https:\/\/lxmontagem.com.br\/wp-content\/gallery\/maquinas-de-producao\/thumbs\/thumbs_automacao_industrial10.jpg\" width=\"100\" height=\"75\" \/>\n\t\t\t\t\t\t\t<\/a>\n\t\t<\/div>\n\t<\/div>\n\t\n\t\t\n \t\t\n\t<div id=\"ngg-image-37\" class=\"ngg-gallery-thumbnail-box\"  >\n\t\t<div class=\"ngg-gallery-thumbnail\" >\n\t\t\t<a href=\"https:\/\/lxmontagem.com.br\/wp-content\/gallery\/maquinas-de-producao\/automacao_industrial3.jpg\" title=\" \" class=\"thickbox\" rel=\"set_5\" >\n\t\t\t\t\t\t\t\t<img loading=\"lazy\" decoding=\"async\" title=\"5\" alt=\"5\" src=\"https:\/\/lxmontagem.com.br\/wp-content\/gallery\/maquinas-de-producao\/thumbs\/thumbs_automacao_industrial3.jpg\" width=\"100\" height=\"75\" \/>\n\t\t\t\t\t\t\t<\/a>\n\t\t<\/div>\n\t<\/div>\n\t\n\t\t\n \t\t\n\t<div id=\"ngg-image-38\" class=\"ngg-gallery-thumbnail-box\"  >\n\t\t<div class=\"ngg-gallery-thumbnail\" >\n\t\t\t<a href=\"https:\/\/lxmontagem.com.br\/wp-content\/gallery\/maquinas-de-producao\/automacao_industrial5.jpg\" title=\" \" class=\"thickbox\" rel=\"set_5\" >\n\t\t\t\t\t\t\t\t<img loading=\"lazy\" decoding=\"async\" title=\"6\" alt=\"6\" src=\"https:\/\/lxmontagem.com.br\/wp-content\/gallery\/maquinas-de-producao\/thumbs\/thumbs_automacao_industrial5.jpg\" width=\"100\" height=\"75\" \/>\n\t\t\t\t\t\t\t<\/a>\n\t\t<\/div>\n\t<\/div>\n\t\n\t\t\n \t\t\n\t<div id=\"ngg-image-39\" class=\"ngg-gallery-thumbnail-box\"  >\n\t\t<div class=\"ngg-gallery-thumbnail\" >\n\t\t\t<a href=\"https:\/\/lxmontagem.com.br\/wp-content\/gallery\/maquinas-de-producao\/automacao_industrial9.jpg\" title=\" \" class=\"thickbox\" rel=\"set_5\" >\n\t\t\t\t\t\t\t\t<img loading=\"lazy\" decoding=\"async\" title=\"7\" alt=\"7\" src=\"https:\/\/lxmontagem.com.br\/wp-content\/gallery\/maquinas-de-producao\/thumbs\/thumbs_automacao_industrial9.jpg\" width=\"100\" height=\"75\" \/>\n\t\t\t\t\t\t\t<\/a>\n\t\t<\/div>\n\t<\/div>\n\t\n\t\t\n \t\t\n\t<div id=\"ngg-image-40\" class=\"ngg-gallery-thumbnail-box\"  >\n\t\t<div class=\"ngg-gallery-thumbnail\" >\n\t\t\t<a href=\"https:\/\/lxmontagem.com.br\/wp-content\/gallery\/maquinas-de-producao\/dsc01738.jpg\" title=\" \" class=\"thickbox\" rel=\"set_5\" >\n\t\t\t\t\t\t\t\t<img loading=\"lazy\" decoding=\"async\" title=\"8\" alt=\"8\" src=\"https:\/\/lxmontagem.com.br\/wp-content\/gallery\/maquinas-de-producao\/thumbs\/thumbs_dsc01738.jpg\" width=\"100\" height=\"75\" \/>\n\t\t\t\t\t\t\t<\/a>\n\t\t<\/div>\n\t<\/div>\n\t\n\t\t\n \t\t\n\t<div id=\"ngg-image-41\" class=\"ngg-gallery-thumbnail-box\"  >\n\t\t<div class=\"ngg-gallery-thumbnail\" >\n\t\t\t<a href=\"https:\/\/lxmontagem.com.br\/wp-content\/gallery\/maquinas-de-producao\/dsc01749.jpg\" title=\" \" class=\"thickbox\" rel=\"set_5\" >\n\t\t\t\t\t\t\t\t<img loading=\"lazy\" decoding=\"async\" title=\"9\" alt=\"9\" src=\"https:\/\/lxmontagem.com.br\/wp-content\/gallery\/maquinas-de-producao\/thumbs\/thumbs_dsc01749.jpg\" width=\"100\" height=\"75\" \/>\n\t\t\t\t\t\t\t<\/a>\n\t\t<\/div>\n\t<\/div>\n\t\n\t\t\n \t\t\n\t<div id=\"ngg-image-43\" class=\"ngg-gallery-thumbnail-box\"  >\n\t\t<div class=\"ngg-gallery-thumbnail\" >\n\t\t\t<a href=\"https:\/\/lxmontagem.com.br\/wp-content\/gallery\/maquinas-de-producao\/dsc04692.jpg\" title=\" \" class=\"thickbox\" rel=\"set_5\" >\n\t\t\t\t\t\t\t\t<img loading=\"lazy\" decoding=\"async\" title=\"10\" alt=\"10\" src=\"https:\/\/lxmontagem.com.br\/wp-content\/gallery\/maquinas-de-producao\/thumbs\/thumbs_dsc04692.jpg\" width=\"100\" height=\"75\" \/>\n\t\t\t\t\t\t\t<\/a>\n\t\t<\/div>\n\t<\/div>\n\t\n\t\t\n \t\t\n\t<div id=\"ngg-image-44\" class=\"ngg-gallery-thumbnail-box\"  >\n\t\t<div class=\"ngg-gallery-thumbnail\" >\n\t\t\t<a href=\"https:\/\/lxmontagem.com.br\/wp-content\/gallery\/maquinas-de-producao\/maq-134-rd.jpg\" title=\" \" class=\"thickbox\" rel=\"set_5\" >\n\t\t\t\t\t\t\t\t<img loading=\"lazy\" decoding=\"async\" title=\"11\" alt=\"11\" src=\"https:\/\/lxmontagem.com.br\/wp-content\/gallery\/maquinas-de-producao\/thumbs\/thumbs_maq-134-rd.jpg\" width=\"100\" height=\"75\" \/>\n\t\t\t\t\t\t\t<\/a>\n\t\t<\/div>\n\t<\/div>\n\t\n\t\t\n \t\t\n\t<div id=\"ngg-image-45\" class=\"ngg-gallery-thumbnail-box\"  >\n\t\t<div class=\"ngg-gallery-thumbnail\" >\n\t\t\t<a href=\"https:\/\/lxmontagem.com.br\/wp-content\/gallery\/maquinas-de-producao\/mlc-automacao-industrial_57598_image.jpg\" title=\" \" class=\"thickbox\" rel=\"set_5\" >\n\t\t\t\t\t\t\t\t<img loading=\"lazy\" decoding=\"async\" title=\"12\" alt=\"12\" src=\"https:\/\/lxmontagem.com.br\/wp-content\/gallery\/maquinas-de-producao\/thumbs\/thumbs_mlc-automacao-industrial_57598_image.jpg\" width=\"100\" height=\"75\" \/>\n\t\t\t\t\t\t\t<\/a>\n\t\t<\/div>\n\t<\/div>\n\t\n\t\t\n \t\t\n\t<div id=\"ngg-image-51\" class=\"ngg-gallery-thumbnail-box\"  >\n\t\t<div class=\"ngg-gallery-thumbnail\" >\n\t\t\t<a href=\"https:\/\/lxmontagem.com.br\/wp-content\/gallery\/maquinas-de-producao\/servicos.jpg\" title=\" \" class=\"thickbox\" rel=\"set_5\" >\n\t\t\t\t\t\t\t\t<img loading=\"lazy\" decoding=\"async\" title=\"18\" alt=\"18\" src=\"https:\/\/lxmontagem.com.br\/wp-content\/gallery\/maquinas-de-producao\/thumbs\/thumbs_servicos.jpg\" width=\"100\" height=\"75\" \/>\n\t\t\t\t\t\t\t<\/a>\n\t\t<\/div>\n\t<\/div>\n\t\n\t\t\n \t\t\n\t<div id=\"ngg-image-76\" class=\"ngg-gallery-thumbnail-box\"  >\n\t\t<div class=\"ngg-gallery-thumbnail\" >\n\t\t\t<a href=\"https:\/\/lxmontagem.com.br\/wp-content\/gallery\/maquinas-de-producao\/clp.jpg\" title=\" \" class=\"thickbox\" rel=\"set_5\" >\n\t\t\t\t\t\t\t\t<img loading=\"lazy\" decoding=\"async\" title=\"20\" alt=\"20\" src=\"https:\/\/lxmontagem.com.br\/wp-content\/gallery\/maquinas-de-producao\/thumbs\/thumbs_clp.jpg\" width=\"100\" height=\"75\" \/>\n\t\t\t\t\t\t\t<\/a>\n\t\t<\/div>\n\t<\/div>\n\t\n\t\t\n \t\t\n\t<div id=\"ngg-image-77\" class=\"ngg-gallery-thumbnail-box\"  >\n\t\t<div class=\"ngg-gallery-thumbnail\" >\n\t\t\t<a href=\"https:\/\/lxmontagem.com.br\/wp-content\/gallery\/maquinas-de-producao\/painel.jpg\" title=\" \" class=\"thickbox\" rel=\"set_5\" >\n\t\t\t\t\t\t\t\t<img loading=\"lazy\" decoding=\"async\" title=\"21\" alt=\"21\" src=\"https:\/\/lxmontagem.com.br\/wp-content\/gallery\/maquinas-de-producao\/thumbs\/thumbs_painel.jpg\" width=\"100\" height=\"75\" \/>\n\t\t\t\t\t\t\t<\/a>\n\t\t<\/div>\n\t<\/div>\n\t\n\t\t\n \t\t\n\t<div id=\"ngg-image-78\" class=\"ngg-gallery-thumbnail-box\"  >\n\t\t<div class=\"ngg-gallery-thumbnail\" >\n\t\t\t<a href=\"https:\/\/lxmontagem.com.br\/wp-content\/gallery\/maquinas-de-producao\/robo-abb.jpg\" title=\" \" class=\"thickbox\" rel=\"set_5\" >\n\t\t\t\t\t\t\t\t<img loading=\"lazy\" decoding=\"async\" title=\"22\" alt=\"22\" src=\"https:\/\/lxmontagem.com.br\/wp-content\/gallery\/maquinas-de-producao\/thumbs\/thumbs_robo-abb.jpg\" width=\"100\" height=\"75\" \/>\n\t\t\t\t\t\t\t<\/a>\n\t\t<\/div>\n\t<\/div>\n\t\n\t\t\n \t \t\n\t<!-- Pagination -->\n \t<div class='ngg-clear'><\/div>\n \t\n<\/div>\n\n\n","protected":false},"excerpt":{"rendered":"","protected":false},"author":1,"featured_media":0,"parent":596,"menu_order":0,"comment_status":"closed","ping_status":"closed","template":"","meta":{"footnotes":""},"class_list":["post-629","page","type-page","status-publish","hentry"],"_links":{"self":[{"href":"https:\/\/lxmontagem.com.br\/index.php?rest_route=\/wp\/v2\/pages\/629","targetHints":{"allow":["GET"]}}],"collection":[{"href":"https:\/\/lxmontagem.com.br\/index.php?rest_route=\/wp\/v2\/pages"}],"about":[{"href":"https:\/\/lxmontagem.com.br\/index.php?rest_route=\/wp\/v2\/types\/page"}],"author":[{"embeddable":true,"href":"https:\/\/lxmontagem.com.br\/index.php?rest_route=\/wp\/v2\/users\/1"}],"replies":[{"embeddable":true,"href":"https:\/\/lxmontagem.com.br\/index.php?rest_route=%2Fwp%2Fv2%2Fcomments&post=629"}],"version-history":[{"count":2,"href":"https:\/\/lxmontagem.com.br\/index.php?rest_route=\/wp\/v2\/pages\/629\/revisions"}],"predecessor-version":[{"id":637,"href":"https:\/\/lxmontagem.com.br\/index.php?rest_route=\/wp\/v2\/pages\/629\/revisions\/637"}],"up":[{"embeddable":true,"href":"https:\/\/lxmontagem.com.br\/index.php?rest_route=\/wp\/v2\/pages\/596"}],"wp:attachment":[{"href":"https:\/\/lxmontagem.com.br\/index.php?rest_route=%2Fwp%2Fv2%2Fmedia&parent=629"}],"curies":[{"name":"wp","href":"https:\/\/api.w.org\/{rel}","templated":true}]}}