{"id":526,"date":"2012-09-12T18:52:29","date_gmt":"2012-09-12T18:52:29","guid":{"rendered":"http:\/\/lxmontagem.com.br\/?page_id=526"},"modified":"2013-01-25T18:19:15","modified_gmt":"2013-01-25T18:19:15","slug":"empresa","status":"publish","type":"page","link":"https:\/\/lxmontagem.com.br\/?page_id=526","title":{"rendered":"Empresa"},"content":{"rendered":"<p style=\"text-align: center;\"><a href=\"http:\/\/lxmontagem.com.br\/wp-content\/uploads\/2012\/09\/lg1.jpg\"><img loading=\"lazy\" decoding=\"async\" class=\"aligncenter  wp-image-844\" title=\"lg\" src=\"http:\/\/lxmontagem.com.br\/wp-content\/uploads\/2012\/09\/lg1.jpg\" alt=\"\" width=\"360\" height=\"240\" srcset=\"https:\/\/lxmontagem.com.br\/wp-content\/uploads\/2012\/09\/lg1.jpg 400w, https:\/\/lxmontagem.com.br\/wp-content\/uploads\/2012\/09\/lg1-300x200.jpg 300w, https:\/\/lxmontagem.com.br\/wp-content\/uploads\/2012\/09\/lg1-304x202.jpg 304w\" sizes=\"auto, (max-width: 360px) 100vw, 360px\" \/><\/a><\/p>\n<p>A <strong>LX INSTALA\u00c7\u00d5ES E MONTAGEM <\/strong>\u00e9 uma Empresa Integradora na \u00c1rea de Montagem Industrial eletromec\u00e2nica, em processo e fiscaliza\u00e7\u00e3o de obra formada por profissionais com larga experi\u00eancia em montagem de equipamentos, manuten\u00e7\u00e3o, constru\u00e7\u00e3o e instala\u00e7\u00e3o, nas mais diversas \u00e1reas de aplica\u00e7\u00f5es industriais.<\/p>\n<p><strong>\u00a0<\/strong><\/p>\n<p>A <strong>LX INSTALA\u00c7\u00d5ES E MONTAGEM <\/strong>possui solu\u00e7\u00f5es que atender\u00e3o \u00e0s suas necessidades de montagem industrial e processos, utilizando-se de requisitos t\u00e9cnicos e os mais avan\u00e7ados equipamentos e ferramentas com tecnologia adequada a cada situa\u00e7\u00e3o em particular, da implanta\u00e7\u00e3o do maquin\u00e1rio ao startup. Oferece ao mercado solu\u00e7\u00f5es integradas em m\u00e3o de obra, sistemas e os equipamentos.<\/p>\n<p>&nbsp;<\/p>\n<p>&nbsp;<\/p>\n<p><img loading=\"lazy\" decoding=\"async\" title=\"1\" src=\"http:\/\/lxmontagem.com.br\/wp-content\/uploads\/2012\/09\/11.png\" alt=\"\" width=\"93\" height=\"18\" \/><\/p>\n<p>Ser reconhecida pela excel\u00eancia dos servi\u00e7os prestados, pela pontualidade, pelo comportamento respons\u00e1vel para com todos, e ser motivo de orgulho para quem nela trabalha.<\/p>\n<p>&nbsp;<\/p>\n<p><img loading=\"lazy\" decoding=\"async\" title=\"2\" src=\"http:\/\/lxmontagem.com.br\/wp-content\/uploads\/2012\/09\/22.png\" alt=\"\" width=\"101\" height=\"18\" \/><\/p>\n<p>Fornecer solu\u00e7\u00f5es construtivas para implanta\u00e7\u00f5es, montagem e manuten\u00e7\u00e3o industrial com seguran\u00e7a e respeito aos clientes, colaboradores e ao meio ambiente.<\/p>\n<p>&nbsp;<\/p>\n<p><img loading=\"lazy\" decoding=\"async\" title=\"3\" src=\"http:\/\/lxmontagem.com.br\/wp-content\/uploads\/2012\/09\/31.png\" alt=\"\" width=\"196\" height=\"18\" \/><\/p>\n<p>A raz\u00e3o da exist\u00eancia da Lx Instala\u00e7\u00f5es e Montagem est\u00e1 definida na sua simplicidade, integridade, lealdade e respeito, tanto aos que contratam seus servi\u00e7os, quanto aqueles que nela desempenham suas atividades.<\/p>\n<p>&nbsp;<\/p>\n<p><span style=\"color: #ff0000;\"><br \/>\n<\/span><\/p>\n<p>&nbsp;<\/p>\n","protected":false},"excerpt":{"rendered":"<p>A LX INSTALA\u00c7\u00d5ES E MONTAGEM \u00e9 uma Empresa Integradora na \u00c1rea de Montagem Industrial eletromec\u00e2nica, em processo e fiscaliza\u00e7\u00e3o de obra formada por profissionais com larga experi\u00eancia em montagem de equipamentos, manuten\u00e7\u00e3o, constru\u00e7\u00e3o e instala\u00e7\u00e3o, nas mais diversas \u00e1reas de aplica\u00e7\u00f5es industriais. \u00a0 A LX INSTALA\u00c7\u00d5ES E MONTAGEM possui solu\u00e7\u00f5es que atender\u00e3o \u00e0s suas necessidades&hellip;<\/p>\n","protected":false},"author":1,"featured_media":736,"parent":0,"menu_order":0,"comment_status":"closed","ping_status":"closed","template":"","meta":{"footnotes":""},"class_list":["post-526","page","type-page","status-publish","has-post-thumbnail","hentry"],"_links":{"self":[{"href":"https:\/\/lxmontagem.com.br\/index.php?rest_route=\/wp\/v2\/pages\/526","targetHints":{"allow":["GET"]}}],"collection":[{"href":"https:\/\/lxmontagem.com.br\/index.php?rest_route=\/wp\/v2\/pages"}],"about":[{"href":"https:\/\/lxmontagem.com.br\/index.php?rest_route=\/wp\/v2\/types\/page"}],"author":[{"embeddable":true,"href":"https:\/\/lxmontagem.com.br\/index.php?rest_route=\/wp\/v2\/users\/1"}],"replies":[{"embeddable":true,"href":"https:\/\/lxmontagem.com.br\/index.php?rest_route=%2Fwp%2Fv2%2Fcomments&post=526"}],"version-history":[{"count":18,"href":"https:\/\/lxmontagem.com.br\/index.php?rest_route=\/wp\/v2\/pages\/526\/revisions"}],"predecessor-version":[{"id":847,"href":"https:\/\/lxmontagem.com.br\/index.php?rest_route=\/wp\/v2\/pages\/526\/revisions\/847"}],"wp:featuredmedia":[{"embeddable":true,"href":"https:\/\/lxmontagem.com.br\/index.php?rest_route=\/wp\/v2\/media\/736"}],"wp:attachment":[{"href":"https:\/\/lxmontagem.com.br\/index.php?rest_route=%2Fwp%2Fv2%2Fmedia&parent=526"}],"curies":[{"name":"wp","href":"https:\/\/api.w.org\/{rel}","templated":true}]}}