{"id":514,"date":"2012-09-12T18:40:48","date_gmt":"2012-09-12T18:40:48","guid":{"rendered":"http:\/\/lxmontagem.com.br\/?page_id=514"},"modified":"2013-01-17T10:52:55","modified_gmt":"2013-01-17T10:52:55","slug":"servico","status":"publish","type":"page","link":"https:\/\/lxmontagem.com.br\/?page_id=514","title":{"rendered":"Servi\u00e7os"},"content":{"rendered":"<p><a href=\"http:\/\/lxmontagem.com.br\/?page_id=623\"><img loading=\"lazy\" decoding=\"async\" class=\"size-full wp-image-515 alignleft\" title=\"1\" src=\"http:\/\/lxmontagem.com.br\/wp-content\/uploads\/2012\/09\/1.png\" alt=\"\" width=\"297\" height=\"14\" \/><\/a><br \/>\nTrabalhamos com instala\u00e7\u00f5es e montagem de diversos tipos de pain\u00e9is, tais como: Pain\u00e9is de controle, Pain\u00e9is de acionamento, Mesas de comando, Redes (AS-I\/Device-Net\/Control-Net, entre outros), ClP\u2019s, Entre outros.<\/p>\n<p>&nbsp;<\/p>\n<p><a href=\"http:\/\/lxmontagem.com.br\/?page_id=625\"><img loading=\"lazy\" decoding=\"async\" class=\"alignleft size-full wp-image-517\" title=\"2\" src=\"http:\/\/lxmontagem.com.br\/wp-content\/uploads\/2012\/09\/21.png\" alt=\"\" width=\"343\" height=\"14\" srcset=\"https:\/\/lxmontagem.com.br\/wp-content\/uploads\/2012\/09\/21.png 343w, https:\/\/lxmontagem.com.br\/wp-content\/uploads\/2012\/09\/21-300x12.png 300w, https:\/\/lxmontagem.com.br\/wp-content\/uploads\/2012\/09\/21-304x12.png 304w\" sizes=\"auto, (max-width: 343px) 100vw, 343px\" \/><\/a><br \/>\nProjetamos sempre os melhores cub\u00edculos el\u00e9tricos, sempre visando seguran\u00e7a e estabilidade, conhe\u00e7a alguns modelos de cub\u00edculos que montamos e instalamos: QTA, QGBT, CCM Fixo\/Extra\u00edvel, CCM Inteligente, Entre outros.<\/p>\n<p>&nbsp;<\/p>\n<p><a href=\"http:\/\/lxmontagem.com.br\/?page_id=629\"><img loading=\"lazy\" decoding=\"async\" class=\"alignleft size-full wp-image-518\" title=\"3\" src=\"http:\/\/lxmontagem.com.br\/wp-content\/uploads\/2012\/09\/3.png\" alt=\"\" width=\"335\" height=\"14\" srcset=\"https:\/\/lxmontagem.com.br\/wp-content\/uploads\/2012\/09\/3.png 335w, https:\/\/lxmontagem.com.br\/wp-content\/uploads\/2012\/09\/3-300x12.png 300w, https:\/\/lxmontagem.com.br\/wp-content\/uploads\/2012\/09\/3-304x12.png 304w\" sizes=\"auto, (max-width: 335px) 100vw, 335px\" \/><\/a><br \/>\nA Equipe da Lx Instala\u00e7\u00f5es e Montagem, trabalha em diversos setores, montando e instalando diversas m\u00e1quinas de produ\u00e7\u00e3o: Aliment\u00edcias, Automobil\u00edsticas,Transportadores (a\u00e9reo, pisos, transla\u00e7\u00e3o, eleva\u00e7\u00e3o, entre outros), C\u00e9lulas Rob\u00f3ticas (ABB, FANVC, KUKA, entre outras).<\/p>\n<p>&nbsp;<\/p>\n<p><a href=\"http:\/\/lxmontagem.com.br\/?page_id=621\"><img loading=\"lazy\" decoding=\"async\" class=\"alignleft size-full wp-image-519\" title=\"4\" src=\"http:\/\/lxmontagem.com.br\/wp-content\/uploads\/2012\/09\/4.png\" alt=\"\" width=\"319\" height=\"14\" srcset=\"https:\/\/lxmontagem.com.br\/wp-content\/uploads\/2012\/09\/4.png 319w, https:\/\/lxmontagem.com.br\/wp-content\/uploads\/2012\/09\/4-300x13.png 300w, https:\/\/lxmontagem.com.br\/wp-content\/uploads\/2012\/09\/4-304x13.png 304w\" sizes=\"auto, (max-width: 319px) 100vw, 319px\" \/><\/a><br \/>\nA LX Instala\u00e7\u00f5es e Montagem, investe no uso da tecnologia de ponta nas realiza\u00e7\u00f5es de obras na \u00e1rea de Estruturas Met\u00e1licas e Constru\u00e7\u00e3o Civil.<br \/>\nConstru\u00edmos Galp\u00f5es, Mezaninos, Escadas Met\u00e1licas, entre outros produtos de maior complexidade, e trabalhando sempre com profissionais de qualidade e confian\u00e7a.<\/p>\n<p>&nbsp;<\/p>\n<p><a href=\"http:\/\/lxmontagem.com.br\/?page_id=631\"><img loading=\"lazy\" decoding=\"async\" class=\"alignleft size-full wp-image-520\" title=\"5\" src=\"http:\/\/lxmontagem.com.br\/wp-content\/uploads\/2012\/09\/5.png\" alt=\"\" width=\"266\" height=\"14\" \/><\/a><br \/>\nRealizamos montagem de tubula\u00e7\u00f5es para diversos fins, desde instala\u00e7\u00f5es de Ar-Condicionado, at\u00e9 tubula\u00e7\u00e3o para uso em alta press\u00e3o e temperaturas extremas.<\/p>\n<p>&nbsp;<\/p>\n<p><a href=\"http:\/\/lxmontagem.com.br\/?page_id=627\"><img loading=\"lazy\" decoding=\"async\" class=\"alignleft size-full wp-image-521\" title=\"6\" src=\"http:\/\/lxmontagem.com.br\/wp-content\/uploads\/2012\/09\/6.png\" alt=\"\" width=\"306\" height=\"14\" srcset=\"https:\/\/lxmontagem.com.br\/wp-content\/uploads\/2012\/09\/6.png 306w, https:\/\/lxmontagem.com.br\/wp-content\/uploads\/2012\/09\/6-300x13.png 300w, https:\/\/lxmontagem.com.br\/wp-content\/uploads\/2012\/09\/6-304x13.png 304w\" sizes=\"auto, (max-width: 306px) 100vw, 306px\" \/><\/a><br \/>\nRealizamos trabalhos de Cabeamento estruturado, Instala\u00e7\u00f5es de Rack, An\u00e1lise de Redes de dados, Expans\u00e3o e Organiza\u00e7\u00e3o de Patch Panel, Certifica\u00e7\u00f5es de Redes, entre outros tipos de servi\u00e7os.<\/p>\n<p>&nbsp;<\/p>\n<p><a href=\"http:\/\/lxmontagem.com.br\/?page_id=633\"><img loading=\"lazy\" decoding=\"async\" class=\"alignleft size-full wp-image-522\" title=\"7\" src=\"http:\/\/lxmontagem.com.br\/wp-content\/uploads\/2012\/09\/7.png\" alt=\"\" width=\"335\" height=\"14\" srcset=\"https:\/\/lxmontagem.com.br\/wp-content\/uploads\/2012\/09\/7.png 335w, https:\/\/lxmontagem.com.br\/wp-content\/uploads\/2012\/09\/7-300x12.png 300w, https:\/\/lxmontagem.com.br\/wp-content\/uploads\/2012\/09\/7-304x12.png 304w\" sizes=\"auto, (max-width: 335px) 100vw, 335px\" \/><\/a><br \/>\nA LX Instala\u00e7\u00f5es e Montagem trabalha com o projeto e desenvolvimento de Filtros e todo tipo de refrigera\u00e7\u00e3o na linha de montagem industrial.<\/p>\n<p>&nbsp;<\/p>\n<p><a href=\"http:\/\/lxmontagem.com.br\/?page_id=629\"><img loading=\"lazy\" decoding=\"async\" class=\"alignleft size-full wp-image-523\" title=\"8\" src=\"http:\/\/lxmontagem.com.br\/wp-content\/uploads\/2012\/09\/8.png\" alt=\"\" width=\"330\" height=\"14\" srcset=\"https:\/\/lxmontagem.com.br\/wp-content\/uploads\/2012\/09\/8.png 330w, https:\/\/lxmontagem.com.br\/wp-content\/uploads\/2012\/09\/8-300x12.png 300w, https:\/\/lxmontagem.com.br\/wp-content\/uploads\/2012\/09\/8-304x12.png 304w\" sizes=\"auto, (max-width: 330px) 100vw, 330px\" \/><\/a><br \/>\nA Equipe da Lx Instala\u00e7\u00f5es e Montagem, trabalha em diversos setores, montando e instalando diversas m\u00e1quinas nas linhas aliment\u00edcias.<\/p>\n<p>&nbsp;<\/p>\n<p><img loading=\"lazy\" decoding=\"async\" class=\"alignleft size-full wp-image-827\" title=\"limpezadeforno\" src=\"http:\/\/lxmontagem.com.br\/wp-content\/uploads\/2012\/09\/limpezadeforno.png\" alt=\"\" width=\"167\" height=\"14\" srcset=\"https:\/\/lxmontagem.com.br\/wp-content\/uploads\/2012\/09\/limpezadeforno.png 167w, https:\/\/lxmontagem.com.br\/wp-content\/uploads\/2012\/09\/limpezadeforno-150x14.png 150w\" sizes=\"auto, (max-width: 167px) 100vw, 167px\" \/><\/p>\n<p>&nbsp;<\/p>\n<p>A LX Instala\u00e7\u00f5es e Montagem, atua tamb\u00e9m na \u00e1rea de limpeza de fornos industriais, com profissionais de qualidade e certificados pela NR.<\/p>\n<p>&nbsp;<\/p>\n<p><img loading=\"lazy\" decoding=\"async\" class=\"alignleft size-full wp-image-828\" title=\"manutencaoindustrial\" src=\"http:\/\/lxmontagem.com.br\/wp-content\/uploads\/2012\/09\/manutencaoindustrial.png\" alt=\"\" width=\"241\" height=\"14\" \/><\/p>\n<p>&nbsp;<\/p>\n<p>A equipe da LX, atua na \u00e1rea de manuten\u00e7\u00e3o industrial e predial, instala\u00e7\u00e3o. montagem e manuten\u00e7\u00e3o de equipamentos el\u00e9tricos, de automa\u00e7\u00e3o, serralheria, mec\u00e2nica industrial, manuten\u00e7\u00e3o de subesta\u00e7\u00f5es e sistema alarme contra inc\u00eandio, reforma e conserva\u00e7\u00e3o de estruturas, pavimenta\u00e7\u00e3o, reforma de interiores e aplica\u00e7\u00e3o de projetos de infra-estrutura de TI, redes de dados e voz, CFTV e alarmes integrados.<\/p>\n<p>&nbsp;<\/p>\n","protected":false},"excerpt":{"rendered":"<p>Trabalhamos com instala\u00e7\u00f5es e montagem de diversos tipos de pain\u00e9is, tais como: Pain\u00e9is de controle, Pain\u00e9is de acionamento, Mesas de comando, Redes (AS-I\/Device-Net\/Control-Net, entre outros), ClP\u2019s, Entre outros. &nbsp; Projetamos sempre os melhores cub\u00edculos el\u00e9tricos, sempre visando seguran\u00e7a e estabilidade, conhe\u00e7a alguns modelos de cub\u00edculos que montamos e instalamos: QTA, QGBT, CCM Fixo\/Extra\u00edvel, CCM Inteligente,&hellip;<\/p>\n","protected":false},"author":1,"featured_media":0,"parent":526,"menu_order":0,"comment_status":"closed","ping_status":"closed","template":"","meta":{"footnotes":""},"class_list":["post-514","page","type-page","status-publish","hentry"],"_links":{"self":[{"href":"https:\/\/lxmontagem.com.br\/index.php?rest_route=\/wp\/v2\/pages\/514","targetHints":{"allow":["GET"]}}],"collection":[{"href":"https:\/\/lxmontagem.com.br\/index.php?rest_route=\/wp\/v2\/pages"}],"about":[{"href":"https:\/\/lxmontagem.com.br\/index.php?rest_route=\/wp\/v2\/types\/page"}],"author":[{"embeddable":true,"href":"https:\/\/lxmontagem.com.br\/index.php?rest_route=\/wp\/v2\/users\/1"}],"replies":[{"embeddable":true,"href":"https:\/\/lxmontagem.com.br\/index.php?rest_route=%2Fwp%2Fv2%2Fcomments&post=514"}],"version-history":[{"count":9,"href":"https:\/\/lxmontagem.com.br\/index.php?rest_route=\/wp\/v2\/pages\/514\/revisions"}],"predecessor-version":[{"id":645,"href":"https:\/\/lxmontagem.com.br\/index.php?rest_route=\/wp\/v2\/pages\/514\/revisions\/645"}],"up":[{"embeddable":true,"href":"https:\/\/lxmontagem.com.br\/index.php?rest_route=\/wp\/v2\/pages\/526"}],"wp:attachment":[{"href":"https:\/\/lxmontagem.com.br\/index.php?rest_route=%2Fwp%2Fv2%2Fmedia&parent=514"}],"curies":[{"name":"wp","href":"https:\/\/api.w.org\/{rel}","templated":true}]}}