{"id":472,"date":"2012-09-11T14:35:29","date_gmt":"2012-09-11T14:35:29","guid":{"rendered":"http:\/\/lxmontagem.com.br\/?page_id=472"},"modified":"2012-12-10T19:43:59","modified_gmt":"2012-12-10T19:43:59","slug":"qualidade","status":"publish","type":"page","link":"https:\/\/lxmontagem.com.br\/?page_id=472","title":{"rendered":"Qualidade"},"content":{"rendered":"<p>A\u00a0<strong>LX INSTALA\u00c7\u00d5ES E MONTAGEM\u00a0<\/strong>visando \u00e0 credibilidade das informa\u00e7\u00f5es na economia global de hoje conquistou e \u00e9 certificada com o c\u00f3digo internacional\u00a0<strong>DUNS (Data Universal Numbering System)<\/strong>, o Sistema Universal de Numera\u00e7\u00e3o de Dados<strong>(DUNS\u2122 Number)<\/strong>\u00a0\u00e9 o padr\u00e3o amplamente reconhecido para identificar empresas entre milhares de empresas, mercados e entidades reguladoras, isto para vincular as informa\u00e7\u00f5es sobre fornecedores, clientes e parceiros comerciais, possibilitando assim uma vis\u00e3o mais completa do risco e oportunidade em suas rela\u00e7\u00f5es comerciais.<\/p>\n<p>&nbsp;<\/p>\n<p>Utilizadas pelas organiza\u00e7\u00f5es de padroniza\u00e7\u00e3o mais influentes do mundo, o DUNS\u2122 Number \u00e9 reconhecido, recomendado e exigido por governos e mais de 50 ind\u00fastrias globais e associa\u00e7\u00f5es comerciais, incluindo o\u00a0<strong>Governo Federal dos EUA<\/strong>, o\u00a0<strong>Governo australiano<\/strong>\u00a0e a\u00a0<strong>Comiss\u00e3o Europ\u00e9ia<\/strong>. V\u00e1rias das maiores corpora\u00e7\u00f5es do mundo tamb\u00e9m exigem que seus clientes\/fornecedores e parceiros tenham um\u00a0<strong>DUNS\u2122 Number<\/strong>.\n<a href=\"https:\/\/lxmontagem.com.br\/wp-content\/gallery\/duns\/duns_2.jpg\" title=\"\" class=\"thickbox\" rel=\"singlepic134\" >\n\t<img decoding=\"async\" class=\"ngg-singlepic\" src=\"https:\/\/lxmontagem.com.br\/wp-content\/gallery\/cache\/134_watermark_180x96_duns_2.jpg\" alt=\"duns_2\" title=\"duns_2\" \/>\n<\/a>\n<\/p>\n<p>&nbsp;<\/p>\n","protected":false},"excerpt":{"rendered":"<p>A\u00a0LX INSTALA\u00c7\u00d5ES E MONTAGEM\u00a0visando \u00e0 credibilidade das informa\u00e7\u00f5es na economia global de hoje conquistou e \u00e9 certificada com o c\u00f3digo internacional\u00a0DUNS (Data Universal Numbering System), o Sistema Universal de Numera\u00e7\u00e3o de Dados(DUNS\u2122 Number)\u00a0\u00e9 o padr\u00e3o amplamente reconhecido para identificar empresas entre milhares de empresas, mercados e entidades reguladoras, isto para vincular as informa\u00e7\u00f5es sobre fornecedores,&hellip;<\/p>\n","protected":false},"author":1,"featured_media":0,"parent":526,"menu_order":0,"comment_status":"closed","ping_status":"closed","template":"","meta":{"footnotes":""},"class_list":["post-472","page","type-page","status-publish","hentry"],"_links":{"self":[{"href":"https:\/\/lxmontagem.com.br\/index.php?rest_route=\/wp\/v2\/pages\/472","targetHints":{"allow":["GET"]}}],"collection":[{"href":"https:\/\/lxmontagem.com.br\/index.php?rest_route=\/wp\/v2\/pages"}],"about":[{"href":"https:\/\/lxmontagem.com.br\/index.php?rest_route=\/wp\/v2\/types\/page"}],"author":[{"embeddable":true,"href":"https:\/\/lxmontagem.com.br\/index.php?rest_route=\/wp\/v2\/users\/1"}],"replies":[{"embeddable":true,"href":"https:\/\/lxmontagem.com.br\/index.php?rest_route=%2Fwp%2Fv2%2Fcomments&post=472"}],"version-history":[{"count":10,"href":"https:\/\/lxmontagem.com.br\/index.php?rest_route=\/wp\/v2\/pages\/472\/revisions"}],"predecessor-version":[{"id":795,"href":"https:\/\/lxmontagem.com.br\/index.php?rest_route=\/wp\/v2\/pages\/472\/revisions\/795"}],"up":[{"embeddable":true,"href":"https:\/\/lxmontagem.com.br\/index.php?rest_route=\/wp\/v2\/pages\/526"}],"wp:attachment":[{"href":"https:\/\/lxmontagem.com.br\/index.php?rest_route=%2Fwp%2Fv2%2Fmedia&parent=472"}],"curies":[{"name":"wp","href":"https:\/\/api.w.org\/{rel}","templated":true}]}}