{"id":470,"date":"2012-09-11T14:30:19","date_gmt":"2012-09-11T14:30:19","guid":{"rendered":"http:\/\/lxmontagem.com.br\/?page_id=470"},"modified":"2012-09-25T14:01:02","modified_gmt":"2012-09-25T14:01:02","slug":"quem-somos","status":"publish","type":"page","link":"https:\/\/lxmontagem.com.br\/?page_id=470","title":{"rendered":"Quem Somos"},"content":{"rendered":"<p>A Lx Instala\u00e7\u00f5es &amp; Montagem \u00e9 uma empresa integradora na \u00e1rea de montagem industrial eletromec\u00e2nica, processo e fiscaliza\u00e7\u00e3o de obra formada por profissionais com larga experi\u00eancia em montagem de equipamentos, manuten\u00e7\u00e3o, constru\u00e7\u00e3o e instala\u00e7\u00e3o, nas mais diversas \u00e1reas de aplica\u00e7\u00f5es industriais.<\/p>\n<p>A Lx Instala\u00e7\u00f5es &amp; Montagem possui solu\u00e7\u00f5es que atender\u00e3o \u00e0s suas necessidades de montagem industrial e processos, utilizando-se de requisitos t\u00e9cnicos e os mais avan\u00e7ados equipamentos e ferramentas com tecnologia adequada a cada situa\u00e7\u00e3o em particular, da implanta\u00e7\u00e3o do maquin\u00e1rio ao startup. Oferece ao mercado solu\u00e7\u00f5es integradas em m\u00e3o de obra, sistemas e equipamentos.<\/p>\n<p>Com a utiliza\u00e7\u00e3o de modernos recursos e pr\u00e1tica em gest\u00e3o de projetos a Lx Instala\u00e7\u00f5es e Montagem tem superado a expectativa de seus clientes, mostrando vis\u00e3o, criatividade, Inova\u00e7\u00e3o e comprometimento com o resultado dos empreendimentos.<\/p>\n<p>&nbsp;<\/p>\n<p><img loading=\"lazy\" decoding=\"async\" title=\"1\" src=\"http:\/\/lxmontagem.com.br\/wp-content\/uploads\/2012\/09\/11.png\" alt=\"\" width=\"93\" height=\"18\" \/><\/p>\n<p>Ser reconhecida pela excel\u00eancia dos servi\u00e7os prestados, pela pontualidade, pelo comportamento respons\u00e1vel para com todos, e ser motivo de orgulho para quem nela trabalha.<\/p>\n<p>&nbsp;<\/p>\n<p><img loading=\"lazy\" decoding=\"async\" title=\"2\" src=\"http:\/\/lxmontagem.com.br\/wp-content\/uploads\/2012\/09\/22.png\" alt=\"\" width=\"101\" height=\"18\" \/><\/p>\n<p>Fornecer solu\u00e7\u00f5es construtivas para implanta\u00e7\u00f5es, montagem e manuten\u00e7\u00e3o industrial com seguran\u00e7a e respeito aos clientes, colaboradores e ao meio ambiente.<\/p>\n<p>&nbsp;<\/p>\n<p><img loading=\"lazy\" decoding=\"async\" title=\"3\" src=\"http:\/\/lxmontagem.com.br\/wp-content\/uploads\/2012\/09\/31.png\" alt=\"\" width=\"196\" height=\"18\" \/><\/p>\n<p>A raz\u00e3o da exist\u00eancia da Lx Instala\u00e7\u00f5es e Montagem est\u00e1 definida na sua simplicidade, integridade, lealdade e respeito, tanto aos que contratam seus servi\u00e7os, quanto aqueles que nela desempenham suas atividades.<\/p>\n","protected":false},"excerpt":{"rendered":"<p>A Lx Instala\u00e7\u00f5es &amp; Montagem \u00e9 uma empresa integradora na \u00e1rea de montagem industrial eletromec\u00e2nica, processo e fiscaliza\u00e7\u00e3o de obra formada por profissionais com larga experi\u00eancia em montagem de equipamentos, manuten\u00e7\u00e3o, constru\u00e7\u00e3o e instala\u00e7\u00e3o, nas mais diversas \u00e1reas de aplica\u00e7\u00f5es industriais. A Lx Instala\u00e7\u00f5es &amp; Montagem possui solu\u00e7\u00f5es que atender\u00e3o \u00e0s suas necessidades de montagem&hellip;<\/p>\n","protected":false},"author":1,"featured_media":0,"parent":526,"menu_order":0,"comment_status":"closed","ping_status":"closed","template":"","meta":{"footnotes":""},"class_list":["post-470","page","type-page","status-publish","hentry"],"_links":{"self":[{"href":"https:\/\/lxmontagem.com.br\/index.php?rest_route=\/wp\/v2\/pages\/470","targetHints":{"allow":["GET"]}}],"collection":[{"href":"https:\/\/lxmontagem.com.br\/index.php?rest_route=\/wp\/v2\/pages"}],"about":[{"href":"https:\/\/lxmontagem.com.br\/index.php?rest_route=\/wp\/v2\/types\/page"}],"author":[{"embeddable":true,"href":"https:\/\/lxmontagem.com.br\/index.php?rest_route=\/wp\/v2\/users\/1"}],"replies":[{"embeddable":true,"href":"https:\/\/lxmontagem.com.br\/index.php?rest_route=%2Fwp%2Fv2%2Fcomments&post=470"}],"version-history":[{"count":5,"href":"https:\/\/lxmontagem.com.br\/index.php?rest_route=\/wp\/v2\/pages\/470\/revisions"}],"predecessor-version":[{"id":539,"href":"https:\/\/lxmontagem.com.br\/index.php?rest_route=\/wp\/v2\/pages\/470\/revisions\/539"}],"up":[{"embeddable":true,"href":"https:\/\/lxmontagem.com.br\/index.php?rest_route=\/wp\/v2\/pages\/526"}],"wp:attachment":[{"href":"https:\/\/lxmontagem.com.br\/index.php?rest_route=%2Fwp%2Fv2%2Fmedia&parent=470"}],"curies":[{"name":"wp","href":"https:\/\/api.w.org\/{rel}","templated":true}]}}